{"id":2,"date":"2016-05-10T03:48:21","date_gmt":"2016-05-10T03:48:21","guid":{"rendered":"https:\/\/gbc-sarl.com\/new\/?page_id=2"},"modified":"2024-11-19T07:35:55","modified_gmt":"2024-11-19T07:35:55","slug":"sample-page","status":"publish","type":"page","link":"https:\/\/gbc-sarl.com\/new\/sample-page\/","title":{"rendered":"A PROPOS"},"content":{"rendered":"<div data-colibri-id=\"2-c1\" class=\"style-422 style-local-2-c1 position-relative\">\n  <!---->\n  <div data-colibri-component=\"section\" data-colibri-id=\"2-c2\" id=\"initial-content\" class=\"h-section h-section-global-spacing d-flex align-items-lg-center align-items-md-center align-items-center style-423 style-local-2-c2 position-relative\">\n    <!---->\n    <!---->\n    <div class=\"h-section-grid-container h-section-boxed-container\">\n      <!---->\n      <div data-colibri-id=\"2-c3\" class=\"h-row-container gutters-row-lg-2 gutters-row-md-2 gutters-row-0 gutters-row-v-lg-2 gutters-row-v-md-2 gutters-row-v-2 style-427 style-local-2-c3 position-relative\">\n        <!---->\n        <div class=\"h-row justify-content-lg-center justify-content-md-center justify-content-center align-items-lg-stretch align-items-md-stretch align-items-stretch gutters-col-lg-2 gutters-col-md-2 gutters-col-0 gutters-col-v-lg-2 gutters-col-v-md-2 gutters-col-v-2\">\n          <!---->\n          <div class=\"h-column h-column-container d-flex h-col-lg-auto h-col-md-auto h-col-auto style-428-outer style-local-2-c4-outer\">\n            <div data-colibri-id=\"2-c4\" class=\"d-flex h-flex-basis h-column__inner h-ui-empty-state-container h-px-lg-2 h-px-md-2 h-px-2 v-inner-lg-2 v-inner-md-2 v-inner-2 style-428 style-local-2-c4 position-relative\">\n              <!---->\n              <!---->\n              <div class=\"w-100 h-y-container h-column__content h-column__v-align flex-basis-100\">\n                <!---->\n              <\/div>\n            <\/div>\n          <\/div>\n        <\/div>\n      <\/div>\n      <div data-colibri-id=\"2-c5\" class=\"h-row-container gutters-row-lg-2 gutters-row-md-2 gutters-row-0 gutters-row-v-lg-2 gutters-row-v-md-2 gutters-row-v-2 style-424 style-local-2-c5 position-relative\">\n        <!---->\n        <div class=\"h-row justify-content-lg-center justify-content-md-center justify-content-center align-items-lg-center align-items-md-center align-items-center gutters-col-lg-2 gutters-col-md-2 gutters-col-0 gutters-col-v-lg-2 gutters-col-v-md-2 gutters-col-v-2\">\n          <!---->\n          <div class=\"h-column h-column-container d-flex h-col-lg-12 h-col-md-12 h-col-12 align-self-lg-center align-self-md-center align-self-center style-425-outer style-local-2-c6-outer\">\n            <div data-colibri-id=\"2-c6\" class=\"d-flex h-flex-basis h-column__inner h-px-lg-2 h-px-md-2 h-px-2 v-inner-lg-2 v-inner-md-2 v-inner-2 style-425 style-local-2-c6 position-relative\">\n              <!---->\n              <!---->\n              <div class=\"w-100 h-y-container h-column__content h-column__v-align flex-basis-100 align-self-lg-start align-self-md-start align-self-start\">\n                <!---->\n                <div data-colibri-id=\"2-c7\" class=\"d-block style-429 style-local-2-c7 position-relative h-element\">\n                  <!---->\n                  <div class=\"h-image__frame-container-outer\">\n                    <div class=\"h-image__frame-container\">\n                      <!---->\n                      <!---->\n                      <img loading=\"lazy\" decoding=\"async\" width=\"1706\" height=\"1706\" src=\"https:\/\/gbc-sarl.com\/new\/wp-content\/uploads\/2024\/11\/cropped-WhatsApp-Image-2024-11-15-at-12.42.02_c4afc040.jpg\" class=\"wp-image-1118 style-429-image style-local-2-c7-image\" alt=\"\" srcset=\"https:\/\/gbc-sarl.com\/new\/wp-content\/uploads\/2024\/11\/cropped-WhatsApp-Image-2024-11-15-at-12.42.02_c4afc040.jpg 1706w, https:\/\/gbc-sarl.com\/new\/wp-content\/uploads\/2024\/11\/cropped-WhatsApp-Image-2024-11-15-at-12.42.02_c4afc040-300x300.jpg 300w, https:\/\/gbc-sarl.com\/new\/wp-content\/uploads\/2024\/11\/cropped-WhatsApp-Image-2024-11-15-at-12.42.02_c4afc040-1024x1024.jpg 1024w, https:\/\/gbc-sarl.com\/new\/wp-content\/uploads\/2024\/11\/cropped-WhatsApp-Image-2024-11-15-at-12.42.02_c4afc040-150x150.jpg 150w, https:\/\/gbc-sarl.com\/new\/wp-content\/uploads\/2024\/11\/cropped-WhatsApp-Image-2024-11-15-at-12.42.02_c4afc040-768x768.jpg 768w, https:\/\/gbc-sarl.com\/new\/wp-content\/uploads\/2024\/11\/cropped-WhatsApp-Image-2024-11-15-at-12.42.02_c4afc040-1536x1536.jpg 1536w\" sizes=\"auto, (max-width: 1706px) 100vw, 1706px\" \/>\n                      <div class=\"h-image__frame h-hide-lg h-hide-md h-hide-sm style-429-frameImage style-local-2-c7-frameImage\"><\/div>\n                    <\/div>\n                  <\/div>\n                <\/div>\n                <div data-colibri-id=\"2-c8\" class=\"style-426 style-local-2-c8 position-relative h-element\">\n                  <!---->\n                  <div>\n                    <blockquote>G.B.C.-SARL&nbsp;est une organisation tr\u00e8s diversifi\u00e9e et \u00e9tendue qui a \u00e9t\u00e9 cr\u00e9\u00e9e pour p\u00e9n\u00e9trer, dominer et influencer diverses fonctions de l&rsquo;entreprise. Nos produits et services sont dynamiques et modernes, ce qui a \u00e9t\u00e9 prouv\u00e9 par\n                      l&rsquo;exp\u00e9rience qui s&rsquo;est d\u00e9roul\u00e9e sous notre charme. Cependant,&nbsp;G.B.C-SARL&nbsp;est bien respect\u00e9e pour l&rsquo;efficacit\u00e9 de ses nouvelles solutions de d\u00e9veloppement fiables et des technologies de pointe. En d&rsquo;autres termes, nous \u00e9voluons\n                      avec les \u00e9poques et les tendances. Nous consid\u00e9rons tous les projets et toutes les t\u00e2ches, qu&rsquo;ils soient grands ou petits, comme une priorit\u00e9 absolue et il est d&rsquo;une importance vitale que nous veillions \u00e0 ce que nos clients obtiennent\n                      d&rsquo;excellents r\u00e9sultats et en aient pour leur argent, tout en ayant l&rsquo;esprit tranquille. Dans la prestation de nos services, nous avons \u00e9tudi\u00e9 et compris les changements auxquels le gouvernement et les entreprises sont confront\u00e9s,\n                      ce qui constitue le fondement de la prestation de nos services. Nous entretenons des relations commerciales avec tous nos clients, y compris les minist\u00e8res, les municipalit\u00e9s, les soci\u00e9t\u00e9s priv\u00e9es, les soci\u00e9t\u00e9s ouvertes, les soci\u00e9t\u00e9s\n                      proches et les particuliers. Nous soulignons l&rsquo;utilisation de la relation client CRC.<\/blockquote>\n                  <\/div>\n                <\/div>\n              <\/div>\n            <\/div>\n          <\/div>\n        <\/div>\n      <\/div>\n    <\/div>\n  <\/div>\n<\/div>","protected":false},"excerpt":{"rendered":"<p>G.B.C.-SARL&nbsp;est une organisation tr\u00e8s diversifi\u00e9e et \u00e9tendue qui a \u00e9t\u00e9 cr\u00e9\u00e9e pour p\u00e9n\u00e9trer, dominer et influencer diverses fonctions de l&rsquo;entreprise. Nos produits et services sont dynamiques et modernes, ce qui a \u00e9t\u00e9 prouv\u00e9 par l&rsquo;exp\u00e9rience qui s&rsquo;est d\u00e9roul\u00e9e sous notre charme. Cependant,&nbsp;G.B.C-SARL&nbsp;est bien respect\u00e9e pour l&rsquo;efficacit\u00e9 de ses nouvelles solutions de d\u00e9veloppement fiables et des [&hellip;]<\/p>\n","protected":false},"author":2,"featured_media":0,"parent":0,"menu_order":0,"comment_status":"closed","ping_status":"closed","template":"page-templates\/full-width-page.php","meta":{"footnotes":""},"class_list":["post-2","page","type-page","status-publish","hentry"],"_links":{"self":[{"href":"https:\/\/gbc-sarl.com\/new\/wp-json\/wp\/v2\/pages\/2","targetHints":{"allow":["GET"]}}],"collection":[{"href":"https:\/\/gbc-sarl.com\/new\/wp-json\/wp\/v2\/pages"}],"about":[{"href":"https:\/\/gbc-sarl.com\/new\/wp-json\/wp\/v2\/types\/page"}],"author":[{"embeddable":true,"href":"https:\/\/gbc-sarl.com\/new\/wp-json\/wp\/v2\/users\/2"}],"replies":[{"embeddable":true,"href":"https:\/\/gbc-sarl.com\/new\/wp-json\/wp\/v2\/comments?post=2"}],"version-history":[{"count":5,"href":"https:\/\/gbc-sarl.com\/new\/wp-json\/wp\/v2\/pages\/2\/revisions"}],"predecessor-version":[{"id":1121,"href":"https:\/\/gbc-sarl.com\/new\/wp-json\/wp\/v2\/pages\/2\/revisions\/1121"}],"wp:attachment":[{"href":"https:\/\/gbc-sarl.com\/new\/wp-json\/wp\/v2\/media?parent=2"}],"curies":[{"name":"wp","href":"https:\/\/api.w.org\/{rel}","templated":true}]}}